{"id":2,"date":"2014-04-09T14:43:37","date_gmt":"2014-04-09T14:43:37","guid":{"rendered":"http:\/\/0815-works.com\/?page_id=2"},"modified":"2022-06-24T21:02:37","modified_gmt":"2022-06-24T19:02:37","slug":"index","status":"publish","type":"page","link":"http:\/\/0815-works.com\/","title":{"rendered":"0815 works pr\u00e4sentiert eine seiner neuen Baustellen!"},"content":{"rendered":"<p>Nach <strong>9 Jahren<\/strong> unver\u00e4nderter Internetpr\u00e4senz haben wir uns entschlossen die Homepage einmal komplett in Schutt und Asche zu legen damit sie dann wie Ph\u00f6nix aus der Asche wiederauferstehen kann.<\/p>\n<p>&#8222;Der erste Schritt um irgendwo hin zu kommen, ist zu entscheiden, nicht dort zu bleiben wo du bist.&#8220;\u00a0 (John Pierpont Morgan)<\/p>\n<p>Dieser Prozess dauert nun etwas l\u00e4nger als gedacht, da sich sehr viel ver\u00e4ndert hat.<\/p>\n<p>R\u00e4umlich durch Umzug nach Blaufelden und auch das Bet\u00e4tigungsfeld ist im Wandel.<\/p>\n<p><a href=\"http:\/\/0815-works.com\/wp-content\/uploads\/2018\/03\/VisitenkarteGammesfeld-vorn.jpg\"><img decoding=\"async\" loading=\"lazy\" class=\"alignnone size-medium wp-image-33\" src=\"http:\/\/0815-works.com\/wp-content\/uploads\/2018\/03\/VisitenkarteGammesfeld-vorn-300x201.jpg\" alt=\"\" width=\"300\" height=\"201\" srcset=\"http:\/\/0815-works.com\/wp-content\/uploads\/2018\/03\/VisitenkarteGammesfeld-vorn-300x201.jpg 300w, http:\/\/0815-works.com\/wp-content\/uploads\/2018\/03\/VisitenkarteGammesfeld-vorn-768x514.jpg 768w, http:\/\/0815-works.com\/wp-content\/uploads\/2018\/03\/VisitenkarteGammesfeld-vorn-1024x686.jpg 1024w, http:\/\/0815-works.com\/wp-content\/uploads\/2018\/03\/VisitenkarteGammesfeld-vorn.jpg 1075w\" sizes=\"(max-width: 300px) 85vw, 300px\" \/><\/a><\/p>\n<p>Sie k\u00f6nnen uns aber nach wie vor unter\u00a0<strong> <a href=\"mailto:info@0815-works.com\">info@0815-works.com<\/a><\/strong> erreichen.<\/p>\n<p>&nbsp;<\/p>\n<p>&nbsp;<\/p>\n<p>&nbsp;<\/p>\n<p>&nbsp;<\/p>\n","protected":false},"excerpt":{"rendered":"<p>Nach 9 Jahren unver\u00e4nderter Internetpr\u00e4senz haben wir uns entschlossen die Homepage einmal komplett in Schutt und Asche zu legen damit sie dann wie Ph\u00f6nix aus der Asche wiederauferstehen kann. &#8222;Der erste Schritt um irgendwo hin zu kommen, ist zu entscheiden, nicht dort zu bleiben wo du bist.&#8220;\u00a0 (John Pierpont Morgan) Dieser Prozess dauert nun etwas &hellip; <a href=\"http:\/\/0815-works.com\/\" class=\"more-link\"><span class=\"screen-reader-text\">\u201e0815 works pr\u00e4sentiert eine seiner neuen Baustellen!\u201c <\/span>weiterlesen<\/a><\/p>\n","protected":false},"author":1,"featured_media":0,"parent":0,"menu_order":0,"comment_status":"closed","ping_status":"closed","template":"","meta":[],"_links":{"self":[{"href":"http:\/\/0815-works.com\/index.php?rest_route=\/wp\/v2\/pages\/2"}],"collection":[{"href":"http:\/\/0815-works.com\/index.php?rest_route=\/wp\/v2\/pages"}],"about":[{"href":"http:\/\/0815-works.com\/index.php?rest_route=\/wp\/v2\/types\/page"}],"author":[{"embeddable":true,"href":"http:\/\/0815-works.com\/index.php?rest_route=\/wp\/v2\/users\/1"}],"replies":[{"embeddable":true,"href":"http:\/\/0815-works.com\/index.php?rest_route=%2Fwp%2Fv2%2Fcomments&post=2"}],"version-history":[{"count":10,"href":"http:\/\/0815-works.com\/index.php?rest_route=\/wp\/v2\/pages\/2\/revisions"}],"predecessor-version":[{"id":39,"href":"http:\/\/0815-works.com\/index.php?rest_route=\/wp\/v2\/pages\/2\/revisions\/39"}],"wp:attachment":[{"href":"http:\/\/0815-works.com\/index.php?rest_route=%2Fwp%2Fv2%2Fmedia&parent=2"}],"curies":[{"name":"wp","href":"https:\/\/api.w.org\/{rel}","templated":true}]}}